{"id":604,"date":"2023-12-01T10:26:35","date_gmt":"2023-12-01T09:26:35","guid":{"rendered":"https:\/\/www.laia.nl\/?page_id=604"},"modified":"2024-03-06T19:54:36","modified_gmt":"2024-03-06T18:54:36","slug":"premsa","status":"publish","type":"page","link":"https:\/\/www.laia.nl\/en\/premsa\/","title":{"rendered":"Premsa"},"content":{"rendered":"<section class=\"bde-section-604-122 bde-section\">\n  \n\t\n\n\n\n<div class=\"section-container\"><h1 class=\"bde-heading-604-123 bde-heading\">\npremsa\n<\/h1><\/div>\n<\/section><section class=\"bde-section-604-121 bde-section\">\n  \n\t\n\n\n\n<div class=\"section-container\"><div class=\"bde-repeater-element-604-165 bde-repeater-element\">\n  <div class=\"ee-posts bde-dynamic-repeater bde-dynamic-repeater-165 bde-dynamic-repeater-grid\"><article class=\"ee-post bde-dynamic-repeater-item\"><div class=\"bde-columns-664-104-option-1-664-1 bde-columns bde-columns-664-104\"><div class=\"bde-column-664-105-option-1-664-1 bde-column bde-column-664-105\">\n  \n\t\n\n\n\n<h1 class=\"bde-heading-664-100-option-1-664-1 bde-heading bde-heading-664-100\">\nM\u00e9s 324\n<\/h1><div class=\"bde-text-664-101-option-1-664-1 bde-text bde-text-664-101\">\n07 de mar\u00e7 del 2024\n<\/div><div class=\"bde-text-664-102-option-1-664-1 bde-text bde-text-664-102\">\n<p>Xavier Graset conversa amb Laia F\u00e0bregas sobre <em>The astronauts' silence<\/em><\/p>\n\n<\/div>\n<\/div><div class=\"bde-column-664-106-option-1-664-1 bde-column bde-column-664-106\">\n  \n\t\n\n\n\n\n<\/div><\/div><div class=\"bde-fancy-divider-664-108-option-1-664-1 bde-fancy-divider bde-fancy-divider-664-108\">\n\n\n<div class=\"bde-fancy-divider__wrapper\">\n  <div class=\"bde-fancy-divider__separator\">\n  \t  <\/div>\n<\/div>\n\n<\/div><\/article><article class=\"ee-post bde-dynamic-repeater-item\"><div class=\"bde-columns-664-104-option-2-664-1 bde-columns bde-columns-664-104\"><div class=\"bde-column-664-105-option-2-664-1 bde-column bde-column-664-105\">\n  \n\t\n\n\n\n<h1 class=\"bde-heading-664-100-option-2-664-1 bde-heading bde-heading-664-100\">\nLa Vanguardia\n<\/h1><div class=\"bde-text-664-101-option-2-664-1 bde-text bde-text-664-101\">\n28 de febrer del 2021\n<\/div><div class=\"bde-text-664-102-option-2-664-1 bde-text bde-text-664-102\">\n<p>\u201cQui retira els animals morts de les carreteres?\u201d\u2013 Mag\u00ed Camps<\/p>\n\n<\/div>\n<\/div><div class=\"bde-column-664-106-option-2-664-1 bde-column bde-column-664-106\">\n  \n\t\n\n\n\n\n<\/div><\/div><div class=\"bde-fancy-divider-664-108-option-2-664-1 bde-fancy-divider bde-fancy-divider-664-108\">\n\n\n<div class=\"bde-fancy-divider__wrapper\">\n  <div class=\"bde-fancy-divider__separator\">\n  \t  <\/div>\n<\/div>\n\n<\/div><\/article><article class=\"ee-post bde-dynamic-repeater-item\"><div class=\"bde-columns-664-104-option-3-664-1 bde-columns bde-columns-664-104\"><div class=\"bde-column-664-105-option-3-664-1 bde-column bde-column-664-105\">\n  \n\t\n\n\n\n<h1 class=\"bde-heading-664-100-option-3-664-1 bde-heading bde-heading-664-100\">\nEl Periodico\n<\/h1><div class=\"bde-text-664-101-option-3-664-1 bde-text bde-text-664-101\">\n2 de febrer del 2021\n<\/div><div class=\"bde-text-664-102-option-3-664-1 bde-text bde-text-664-102\">\n<p>&#8216;No escriur\u00e9 la teva hist\u00f2ria&#8217;: amb sorra a la boca i el sol a la cara \u2013 Val\u00e8ria<\/p>\n\n<\/div>\n<\/div><div class=\"bde-column-664-106-option-3-664-1 bde-column bde-column-664-106\">\n  \n\t\n\n\n\n\n<\/div><\/div><div class=\"bde-fancy-divider-664-108-option-3-664-1 bde-fancy-divider bde-fancy-divider-664-108\">\n\n\n<div class=\"bde-fancy-divider__wrapper\">\n  <div class=\"bde-fancy-divider__separator\">\n  \t  <\/div>\n<\/div>\n\n<\/div><\/article><article class=\"ee-post bde-dynamic-repeater-item\"><div class=\"bde-columns-664-104-option-4-664-1 bde-columns bde-columns-664-104\"><div class=\"bde-column-664-105-option-4-664-1 bde-column bde-column-664-105\">\n  \n\t\n\n\n\n<h1 class=\"bde-heading-664-100-option-4-664-1 bde-heading bde-heading-664-100\">\nara\n<\/h1><div class=\"bde-text-664-101-option-4-664-1 bde-text bde-text-664-101\">\n2 de febrer del 2021\n<\/div><div class=\"bde-text-664-102-option-4-664-1 bde-text bde-text-664-102\">\n<p>Reconstruir la mem\u00f2ria familiar amb bellesa i precisi\u00f3 \u2013 Jordi Llavina<\/p>\n\n<\/div>\n<\/div><div class=\"bde-column-664-106-option-4-664-1 bde-column bde-column-664-106\">\n  \n\t\n\n\n\n\n<\/div><\/div><div class=\"bde-fancy-divider-664-108-option-4-664-1 bde-fancy-divider bde-fancy-divider-664-108\">\n\n\n<div class=\"bde-fancy-divider__wrapper\">\n  <div class=\"bde-fancy-divider__separator\">\n  \t  <\/div>\n<\/div>\n\n<\/div><\/article><\/div>\n\n<\/div><\/div>\n<\/section><div class=\"bde-globalblock-604-215 bde-globalblock\">\n<section class=\"bde-section-1061-100-1061-1 bde-section bde-section-1061-100\">\n  \n\t\n\n\n\n<div class=\"section-container\"><div class=\"bde-columns-1061-101-1061-1 bde-columns bde-columns-1061-101\"><div class=\"bde-column-1061-102-1061-1 bde-column bde-column-1061-102\">\n  \n\t\n\n\n\n<div class=\"bde-image-1061-103-1061-1 bde-image bde-image-1061-103\">\n<figure class=\"breakdance-image breakdance-image--1136\">\n\t<div class=\"breakdance-image-container\">\n\t\t<div class=\"breakdance-image-clip\"><a class=\"breakdance-image-link breakdance-image-link--url\" href=\"https:\/\/www.laboratoridelletres.com\" target=\"_blank\" rel=\"noopener\" data-sub-html=\"\" data-lg-size=\"-\"><img decoding=\"async\" class=\"breakdance-image-object\" src=\"https:\/\/www.laia.nl\/wp-content\/uploads\/2023\/12\/Laboratori-de-Lletres.png\" width=\"907\" height=\"135\" srcset=\"https:\/\/www.laia.nl\/wp-content\/uploads\/2023\/12\/Laboratori-de-Lletres.png 907w, https:\/\/www.laia.nl\/wp-content\/uploads\/2023\/12\/Laboratori-de-Lletres-300x45.png 300w, https:\/\/www.laia.nl\/wp-content\/uploads\/2023\/12\/Laboratori-de-Lletres-768x114.png 768w, https:\/\/www.laia.nl\/wp-content\/uploads\/2023\/12\/Laboratori-de-Lletres-18x3.png 18w\" sizes=\"auto, (max-width: 907px) 100vw, 907px\" loading=\"lazy\"><\/a><\/div>\n\t<\/div><\/figure>\n\n<\/div>\n<\/div><div class=\"bde-column-1061-104-1061-1 bde-column bde-column-1061-104\">\n  \n\t\n\n\n\n<div class=\"bde-text-1061-105-1061-1 bde-text bde-text-1061-105\">\nWRITE!\n<\/div><div class=\"bde-text-1061-106-1061-1 bde-text bde-text-1061-106\">\nWriting courses in Catalan\n<\/div><div class=\"bde-text-1061-107-1061-1 bde-text bde-text-1061-107\">\n.\n<\/div><div class=\"bde-button-1061-108-1061-1 bde-button bde-button-1061-108\">\n    \n                                    \n    \n    \n    \n    \n            \n                    \n            \n            \n\n    \n    \n    \n    \n    \n    <a class=\"breakdance-link button-atom button-atom--secondary bde-button__button\" href=\"https:\/\/www.laboratoridelletres.com\/cursos-escriptura\" target=\"_blank\" data-type=\"url\" rel=\"noopener\">\n\n    \n        <span class=\"button-atom__text\">Inscripcions<\/span>\n\n        \n        \n                <\/a>\n\n    \n\n\n<\/div>\n<\/div><\/div><div class=\"bde-image-1061-109-1061-1 bde-image bde-image-1061-109\">\n<figure class=\"breakdance-image breakdance-image--980\">\n\t<div class=\"breakdance-image-container\">\n\t\t<div class=\"breakdance-image-clip\"><img decoding=\"async\" class=\"breakdance-image-object\" src=\"https:\/\/www.laia.nl\/wp-content\/uploads\/2023\/12\/mano.png\" width=\"353\" height=\"385\" srcset=\"https:\/\/www.laia.nl\/wp-content\/uploads\/2023\/12\/mano.png 353w, https:\/\/www.laia.nl\/wp-content\/uploads\/2023\/12\/mano-275x300.png 275w\" sizes=\"auto, (max-width: 353px) 100vw, 353px\" loading=\"lazy\"><\/div>\n\t<\/div><\/figure>\n\n<\/div><\/div>\n<\/section>\n<\/div><div class=\"bde-globalblock-604-214 bde-globalblock\">\n<section class=\"bde-section-1062-100-1062-1 bde-section bde-section-1062-100\">\n  \n\t\n\n\n\n<div class=\"section-container\"><div class=\"bde-div-1062-101-1062-1 bde-div bde-div-1062-101\">\n  \n\t\n\n\n\n<div class=\"bde-div-1062-102-1062-1 bde-div bde-div-1062-102\">\n  \n\t\n\n\n\n<div class=\"bde-image-1062-103-1062-1 bde-image bde-image-1062-103\">\n<figure class=\"breakdance-image breakdance-image--24\">\n\t<div class=\"breakdance-image-container\">\n\t\t<div class=\"breakdance-image-clip\"><a class=\"breakdance-image-link breakdance-image-link--url\" href=\"https:\/\/www.laboratoridetalent.com\" target=\"_blank\" rel=\"noopener\" data-sub-html=\"\" data-lg-size=\"-\"><img decoding=\"async\" class=\"breakdance-image-object\" src=\"https:\/\/www.laia.nl\/wp-content\/uploads\/2023\/11\/Laboratori-de-Talent.png-768x83.png\" width=\"768\" height=\"83\" srcset=\"https:\/\/www.laia.nl\/wp-content\/uploads\/2023\/11\/Laboratori-de-Talent.png-768x83.png 768w, https:\/\/www.laia.nl\/wp-content\/uploads\/2023\/11\/Laboratori-de-Talent.png-300x32.png 300w, https:\/\/www.laia.nl\/wp-content\/uploads\/2023\/11\/Laboratori-de-Talent.png-1024x111.png 1024w, https:\/\/www.laia.nl\/wp-content\/uploads\/2023\/11\/Laboratori-de-Talent.png.png 1275w\" sizes=\"auto, (max-width: 768px) 100vw, 768px\" loading=\"lazy\"><\/a><\/div>\n\t<\/div><\/figure>\n\n<\/div>\n<\/div>\n<\/div><div class=\"bde-div-1062-104-1062-1 bde-div bde-div-1062-104\">\n  \n\t\n\n\n\n<div class=\"bde-text-1062-105-1062-1 bde-text bde-text-1062-105\">\nTraining and consulting for companies and professionals\n<\/div><div class=\"bde-text-1062-106-1062-1 bde-text bde-text-1062-106\">\nWe provide the tools for businesses and professionals to achieve their goals effectively\n<\/div><div class=\"bde-button-1062-107-1062-1 bde-button bde-button-1062-107\">\n    \n                                    \n    \n    \n    \n    \n            \n                    \n            \n            \n\n    \n    \n    \n    \n    \n    <a class=\"breakdance-link button-atom button-atom--secondary bde-button__button\" href=\"https:\/\/\/en\/www.laboratoridetalent.com\/\" target=\"_blank\" data-type=\"url\"  >\n\n    \n        <span class=\"button-atom__text\">More information<\/span>\n\n        \n        \n                <\/a>\n\n    \n\n\n<\/div><div class=\"bde-image-1062-108-1062-1 bde-image bde-image-1062-108\">\n<figure class=\"breakdance-image breakdance-image--174\">\n\t<div class=\"breakdance-image-container\">\n\t\t<div class=\"breakdance-image-clip\"><img decoding=\"async\" class=\"breakdance-image-object\" src=\"https:\/\/www.laia.nl\/wp-content\/uploads\/2023\/11\/MANO2.png\" width=\"216\" height=\"523\" srcset=\"https:\/\/www.laia.nl\/wp-content\/uploads\/2023\/11\/MANO2.png 216w, https:\/\/www.laia.nl\/wp-content\/uploads\/2023\/11\/MANO2-124x300.png 124w\" sizes=\"auto, (max-width: 216px) 100vw, 216px\" loading=\"lazy\"><\/div>\n\t<\/div><\/figure>\n\n<\/div>\n<\/div><\/div>\n<\/section>\n<\/div>","protected":false},"excerpt":{"rendered":"<p>premsa M\u00e9s 324 07 de mar\u00e7 del 2024 Xavier Graset conversa amb Laia F\u00e0bregas sobre El silenci dels astronautes La Vanguardia 28 de febrer del 2021 \u201cQui retira els animals morts de les carreteres?\u201d\u2013 Mag\u00ed Camps El Periodico 2 de febrer del 2021 &#8216;No escriur\u00e9 la teva hist\u00f2ria&#8217;: amb sorra a la boca i el [&hellip;]<\/p>","protected":false},"author":1,"featured_media":0,"parent":0,"menu_order":0,"comment_status":"closed","ping_status":"closed","template":"","meta":{"_acf_changed":false,"rank_math_lock_modified_date":false,"_breakdance_hide_in_design_set":false,"_breakdance_tags":"","footnotes":""},"class_list":["post-604","page","type-page","status-publish","hentry"],"acf":[],"_links":{"self":[{"href":"https:\/\/www.laia.nl\/en\/wp-json\/wp\/v2\/pages\/604","targetHints":{"allow":["GET"]}}],"collection":[{"href":"https:\/\/www.laia.nl\/en\/wp-json\/wp\/v2\/pages"}],"about":[{"href":"https:\/\/www.laia.nl\/en\/wp-json\/wp\/v2\/types\/page"}],"author":[{"embeddable":true,"href":"https:\/\/www.laia.nl\/en\/wp-json\/wp\/v2\/users\/1"}],"replies":[{"embeddable":true,"href":"https:\/\/www.laia.nl\/en\/wp-json\/wp\/v2\/comments?post=604"}],"version-history":[{"count":24,"href":"https:\/\/www.laia.nl\/en\/wp-json\/wp\/v2\/pages\/604\/revisions"}],"predecessor-version":[{"id":1204,"href":"https:\/\/www.laia.nl\/en\/wp-json\/wp\/v2\/pages\/604\/revisions\/1204"}],"wp:attachment":[{"href":"https:\/\/www.laia.nl\/en\/wp-json\/wp\/v2\/media?parent=604"}],"curies":[{"name":"wp","href":"https:\/\/api.w.org\/{rel}","templated":true}]}}