{"id":46,"date":"2023-12-01T10:23:41","date_gmt":"2023-12-01T09:23:41","guid":{"rendered":"https:\/\/www.laia.nl\/?page_id=46"},"modified":"2024-03-06T20:05:10","modified_gmt":"2024-03-06T19:05:10","slug":"formacio-per-a-empreses","status":"publish","type":"page","link":"https:\/\/www.laia.nl\/nl\/opleidingen-voor-bedrijven\/","title":{"rendered":"Trainingen voor bedrijven"},"content":{"rendered":"<section class=\"bde-section-46-100 bde-section\">\n  \n\t\n\n\n\n<div class=\"section-container\"><div class=\"bde-div-46-101 bde-div\">\n  \n\t\n\n\n\n<h1 class=\"bde-heading-46-102 bde-heading\">\nFORMACI\u00d3 PER A EMPRESES I PROFESSIONALS\n<\/h1><div class=\"bde-text-46-103 bde-text\">\nProporcionem les eines perqu\u00e8 empreses i professionals aconsegueixin els seus objectius amb efic\u00e0cia.\n<\/div>\n<\/div><div class=\"bde-grid-46-173 bde-grid\">\n  \n\t\n\n\n\n<div class=\"bde-image-box-46-176 bde-image-box\">\n<div class=\"ee-imagebox-image\">\n  <img decoding=\"async\" class=\"breakdance-image-object\" src=\"https:\/\/www.laia.nl\/wp-content\/uploads\/2023\/11\/2102.i121.047.jpg-300x300.jpg\" width=\"300\" height=\"300\" srcset=\"https:\/\/www.laia.nl\/wp-content\/uploads\/2023\/11\/2102.i121.047.jpg-scaled.jpg 2560w, https:\/\/www.laia.nl\/wp-content\/uploads\/2023\/11\/2102.i121.047.jpg-300x300.jpg 300w, https:\/\/www.laia.nl\/wp-content\/uploads\/2023\/11\/2102.i121.047.jpg-1024x1024.jpg 1024w, https:\/\/www.laia.nl\/wp-content\/uploads\/2023\/11\/2102.i121.047.jpg-150x150.jpg 150w, https:\/\/www.laia.nl\/wp-content\/uploads\/2023\/11\/2102.i121.047.jpg-768x768.jpg 768w, https:\/\/www.laia.nl\/wp-content\/uploads\/2023\/11\/2102.i121.047.jpg-1536x1536.jpg 1536w, https:\/\/www.laia.nl\/wp-content\/uploads\/2023\/11\/2102.i121.047.jpg-2048x2048.jpg 2048w\" sizes=\"auto, (max-width: 2560px) 100vw, 2560px\" loading=\"lazy\">\n<\/div>\n<div class=\"ee-imagebox-content\">\n      <p class=\"ee-imagebox-title bde-h3\" >Cursos de comunicaci\u00f3 oral i escrita<\/p>\n    \n      <div class=\"ee-imagebox-text\" >La comunicaci\u00f3 en una organitzaci\u00f3 ha de ser efica\u00e7, a m\u00e9s de precisa, assertiva, emp\u00e0tica i concisa. Sobretot, ha de ser la millor expressi\u00f3 visible de les millors idees, tant si \u00e9s una comunicaci\u00f3 interna com externa, oral o escrita.<\/div>\n    \n          \n                                    \n    \n    \n    \n    \n            \n                    \n            \n            \n\n    \n    \n    \n    \n    \n    <a class=\"breakdance-link button-atom button-atom--text ee-imagebox-button\" href=\"https:\/\/www.canva.com\/design\/DAFkduW4sHA\/aSmWiExPa3ljkHhl34Du5w\/view?utm_content=DAFkduW4sHA&amp;utm_campaign=designshare&amp;utm_medium=link&amp;utm_source=publishsharelink\" target=\"_blank\" data-type=\"url\" rel=\"noopener\">\n\n    \n        <span class=\"button-atom__text\">M\u00c9S INFORMACI\u00d3 \u2192<\/span>\n\n        \n        \n                <\/a>\n\n    \n\n  <\/div>\n\n<\/div><div class=\"bde-image-box-46-174 bde-image-box\">\n<div class=\"ee-imagebox-image\">\n  <img decoding=\"async\" class=\"breakdance-image-object\" src=\"https:\/\/www.laia.nl\/wp-content\/uploads\/2023\/11\/2418675.jpg-300x300.jpg\" width=\"300\" height=\"300\" srcset=\"https:\/\/www.laia.nl\/wp-content\/uploads\/2023\/11\/2418675.jpg.jpg 2000w, https:\/\/www.laia.nl\/wp-content\/uploads\/2023\/11\/2418675.jpg-300x300.jpg 300w, https:\/\/www.laia.nl\/wp-content\/uploads\/2023\/11\/2418675.jpg-1024x1024.jpg 1024w, https:\/\/www.laia.nl\/wp-content\/uploads\/2023\/11\/2418675.jpg-150x150.jpg 150w, https:\/\/www.laia.nl\/wp-content\/uploads\/2023\/11\/2418675.jpg-768x768.jpg 768w, https:\/\/www.laia.nl\/wp-content\/uploads\/2023\/11\/2418675.jpg-1536x1536.jpg 1536w\" sizes=\"auto, (max-width: 2000px) 100vw, 2000px\" loading=\"lazy\">\n<\/div>\n<div class=\"ee-imagebox-content\">\n      <p class=\"ee-imagebox-title bde-h3\" >Cursos de gesti\u00f3 de projectes i conflictes <\/p>\n    \n      <div class=\"ee-imagebox-text\" >La majoria d'organitzacions es troben amb projectes, conflictes o canvis que han de gestionar de manera efica\u00e7 i amb celeritat. Els imprevistos arriben quan menys s'esperen i saber-los gestionar \u00e9s imprescindible per portar projectes a bon port.<\/div>\n    \n          \n                                    \n    \n    \n    \n    \n            \n                    \n            \n            \n\n    \n    \n    \n    \n    \n    <a class=\"breakdance-link button-atom button-atom--text ee-imagebox-button\" href=\"https:\/\/www.canva.com\/design\/DAFkduW4sHA\/aSmWiExPa3ljkHhl34Du5w\/view?utm_content=DAFkduW4sHA&amp;utm_campaign=designshare&amp;utm_medium=link&amp;utm_source=publishsharelink\" target=\"_blank\" data-type=\"url\" rel=\"noopener\">\n\n    \n        <span class=\"button-atom__text\">M\u00c9S INFORMACI\u00d3 \u2192<\/span>\n\n        \n        \n                <\/a>\n\n    \n\n  <\/div>\n\n<\/div><div class=\"bde-image-box-46-178 bde-image-box\">\n<div class=\"ee-imagebox-image\">\n  <img decoding=\"async\" class=\"breakdance-image-object\" src=\"https:\/\/www.laia.nl\/wp-content\/uploads\/2023\/11\/5211841.jpg-300x300.jpg\" width=\"300\" height=\"300\" srcset=\"https:\/\/www.laia.nl\/wp-content\/uploads\/2023\/11\/5211841.jpg.jpg 2000w, https:\/\/www.laia.nl\/wp-content\/uploads\/2023\/11\/5211841.jpg-300x300.jpg 300w, https:\/\/www.laia.nl\/wp-content\/uploads\/2023\/11\/5211841.jpg-1024x1024.jpg 1024w, https:\/\/www.laia.nl\/wp-content\/uploads\/2023\/11\/5211841.jpg-150x150.jpg 150w, https:\/\/www.laia.nl\/wp-content\/uploads\/2023\/11\/5211841.jpg-768x768.jpg 768w, https:\/\/www.laia.nl\/wp-content\/uploads\/2023\/11\/5211841.jpg-1536x1536.jpg 1536w\" sizes=\"auto, (max-width: 2000px) 100vw, 2000px\" loading=\"lazy\">\n<\/div>\n<div class=\"ee-imagebox-content\">\n      <p class=\"ee-imagebox-title bde-h3\" >Cursos de gesti\u00f3 de benestar <\/p>\n    \n      <div class=\"ee-imagebox-text\" >Les organitzacions estan fetes de persones que treballen amb esfor\u00e7 i implicaci\u00f3, sempre que el seu benestar emocional estigui cobert. La nutrici\u00f3 o la gesti\u00f3 de les emocions s\u00f3n \u00e0rees que ajuden qualsevol persona a sentir-se millor a la seva pell i, en conseq\u00fc\u00e8ncia, a treballar amb m\u00e9s ganes.<\/div>\n    \n          \n                                    \n    \n    \n    \n    \n            \n                    \n            \n            \n\n    \n    \n    \n    \n    \n    <a class=\"breakdance-link button-atom button-atom--text ee-imagebox-button\" href=\"https:\/\/www.canva.com\/design\/DAFkduW4sHA\/aSmWiExPa3ljkHhl34Du5w\/view?utm_content=DAFkduW4sHA&amp;utm_campaign=designshare&amp;utm_medium=link&amp;utm_source=publishsharelink\" target=\"_blank\" data-type=\"url\" rel=\"noopener\">\n\n    \n        <span class=\"button-atom__text\">M\u00c9S INFORMACI\u00d3 \u2192<\/span>\n\n        \n        \n                <\/a>\n\n    \n\n  <\/div>\n\n<\/div><div class=\"bde-image-box-46-177 bde-image-box\">\n<div class=\"ee-imagebox-image\">\n  <img decoding=\"async\" class=\"breakdance-image-object\" src=\"https:\/\/www.laia.nl\/wp-content\/uploads\/2023\/12\/2102.i12123.jpg-300x300.jpg\" width=\"300\" height=\"300\" srcset=\"https:\/\/www.laia.nl\/wp-content\/uploads\/2023\/12\/2102.i12123.jpg.jpg 2000w, https:\/\/www.laia.nl\/wp-content\/uploads\/2023\/12\/2102.i12123.jpg-300x300.jpg 300w, https:\/\/www.laia.nl\/wp-content\/uploads\/2023\/12\/2102.i12123.jpg-1024x1024.jpg 1024w, https:\/\/www.laia.nl\/wp-content\/uploads\/2023\/12\/2102.i12123.jpg-150x150.jpg 150w, https:\/\/www.laia.nl\/wp-content\/uploads\/2023\/12\/2102.i12123.jpg-768x768.jpg 768w, https:\/\/www.laia.nl\/wp-content\/uploads\/2023\/12\/2102.i12123.jpg-1536x1536.jpg 1536w\" sizes=\"auto, (max-width: 2000px) 100vw, 2000px\" loading=\"lazy\">\n<\/div>\n<div class=\"ee-imagebox-content\">\n      <p class=\"ee-imagebox-title bde-h3\" >CONSULTORIA EN GESTI\u00d3 DEL CANVI<\/p>\n    \n      <div class=\"ee-imagebox-text\" >Gestionar la resist\u00e8ncia al canvi en una organitzaci\u00f3 \u00e9s una tasca complicada i dif\u00edcil de fer des de dalt i des de dins. Sovint cal la intervenci\u00f3 externa que ajudi a despertar una nova actitud, a potenciar la predisposici\u00f3 a encaixar les novetats amb ganes.  Treballem perqu\u00e8 els canvis funcionin i durin i perqu\u00e8 els equips col\u00b7laborin en positiu.<\/div>\n    \n          \n                                    \n    \n    \n    \n    \n            \n                    \n            \n            \n\n    \n    \n    \n    \n    \n    <a class=\"breakdance-link button-atom button-atom--text ee-imagebox-button\" href=\"https:\/\/www.canva.com\/design\/DAFkduW4sHA\/aSmWiExPa3ljkHhl34Du5w\/view?utm_content=DAFkduW4sHA&amp;utm_campaign=designshare&amp;utm_medium=link&amp;utm_source=publishsharelink\" target=\"_blank\" data-type=\"url\" rel=\"noopener\">\n\n    \n        <span class=\"button-atom__text\">M\u00c9S INFORMACI\u00d3 \u2192<\/span>\n\n        \n        \n                <\/a>\n\n    \n\n  <\/div>\n\n<\/div>\n<\/div><\/div>\n<\/section><div class=\"bde-globalblock-46-206 bde-globalblock\">\n<section class=\"bde-section-1062-100-1062-1 bde-section bde-section-1062-100\">\n  \n\t\n\n\n\n<div class=\"section-container\"><div class=\"bde-div-1062-101-1062-1 bde-div bde-div-1062-101\">\n  \n\t\n\n\n\n<div class=\"bde-div-1062-102-1062-1 bde-div bde-div-1062-102\">\n  \n\t\n\n\n\n<div class=\"bde-image-1062-103-1062-1 bde-image bde-image-1062-103\">\n<figure class=\"breakdance-image breakdance-image--24\">\n\t<div class=\"breakdance-image-container\">\n\t\t<div class=\"breakdance-image-clip\"><a class=\"breakdance-image-link breakdance-image-link--url\" href=\"https:\/\/www.laboratoridetalent.com\" target=\"_blank\" rel=\"noopener\" data-sub-html=\"\" data-lg-size=\"-\"><img decoding=\"async\" class=\"breakdance-image-object\" src=\"https:\/\/www.laia.nl\/wp-content\/uploads\/2023\/11\/Laboratori-de-Talent.png-768x83.png\" width=\"768\" height=\"83\" srcset=\"https:\/\/www.laia.nl\/wp-content\/uploads\/2023\/11\/Laboratori-de-Talent.png-768x83.png 768w, https:\/\/www.laia.nl\/wp-content\/uploads\/2023\/11\/Laboratori-de-Talent.png-300x32.png 300w, https:\/\/www.laia.nl\/wp-content\/uploads\/2023\/11\/Laboratori-de-Talent.png-1024x111.png 1024w, https:\/\/www.laia.nl\/wp-content\/uploads\/2023\/11\/Laboratori-de-Talent.png.png 1275w\" sizes=\"auto, (max-width: 768px) 100vw, 768px\" loading=\"lazy\"><\/a><\/div>\n\t<\/div><\/figure>\n\n<\/div>\n<\/div>\n<\/div><div class=\"bde-div-1062-104-1062-1 bde-div bde-div-1062-104\">\n  \n\t\n\n\n\n<div class=\"bde-text-1062-105-1062-1 bde-text bde-text-1062-105\">\nOpleidingscentrum voor bedrijven en professionals\n<\/div><div class=\"bde-text-1062-106-1062-1 bde-text bde-text-1062-106\">\nWij bieden de tools voor bedrijven en professionals om hun doelen effectief te bereiken\n<\/div><div class=\"bde-button-1062-107-1062-1 bde-button bde-button-1062-107\">\n    \n                                    \n    \n    \n    \n    \n            \n                    \n            \n            \n\n    \n    \n    \n    \n    \n    <a class=\"breakdance-link button-atom button-atom--secondary bde-button__button\" href=\"https:\/\/\/nl\/www.laboratoridetalent.com\/\" target=\"_blank\" data-type=\"url\"  >\n\n    \n        <span class=\"button-atom__text\">Meer informatie<\/span>\n\n        \n        \n                <\/a>\n\n    \n\n\n<\/div><div class=\"bde-image-1062-108-1062-1 bde-image bde-image-1062-108\">\n<figure class=\"breakdance-image breakdance-image--174\">\n\t<div class=\"breakdance-image-container\">\n\t\t<div class=\"breakdance-image-clip\"><img decoding=\"async\" class=\"breakdance-image-object\" src=\"https:\/\/www.laia.nl\/wp-content\/uploads\/2023\/11\/MANO2.png\" width=\"216\" height=\"523\" srcset=\"https:\/\/www.laia.nl\/wp-content\/uploads\/2023\/11\/MANO2.png 216w, https:\/\/www.laia.nl\/wp-content\/uploads\/2023\/11\/MANO2-124x300.png 124w\" sizes=\"auto, (max-width: 216px) 100vw, 216px\" loading=\"lazy\"><\/div>\n\t<\/div><\/figure>\n\n<\/div>\n<\/div><\/div>\n<\/section>\n<\/div>","protected":false},"excerpt":{"rendered":"<p>FORMACI\u00d3 PER A EMPRESES I PROFESSIONALS Proporcionem les eines perqu\u00e8 empreses i professionals aconsegueixin els seus objectius amb efic\u00e0cia. Cursos de comunicaci\u00f3 oral i escrita La comunicaci\u00f3 en una organitzaci\u00f3 ha de ser efica\u00e7, a m\u00e9s de precisa, assertiva, emp\u00e0tica i concisa. Sobretot, ha de ser la millor expressi\u00f3 visible de les millors idees, tant [&hellip;]<\/p>","protected":false},"author":1,"featured_media":0,"parent":0,"menu_order":0,"comment_status":"closed","ping_status":"closed","template":"","meta":{"_acf_changed":false,"rank_math_lock_modified_date":false,"_breakdance_hide_in_design_set":false,"_breakdance_tags":"","footnotes":""},"class_list":["post-46","page","type-page","status-publish","hentry"],"acf":[],"_links":{"self":[{"href":"https:\/\/www.laia.nl\/nl\/wp-json\/wp\/v2\/pages\/46","targetHints":{"allow":["GET"]}}],"collection":[{"href":"https:\/\/www.laia.nl\/nl\/wp-json\/wp\/v2\/pages"}],"about":[{"href":"https:\/\/www.laia.nl\/nl\/wp-json\/wp\/v2\/types\/page"}],"author":[{"embeddable":true,"href":"https:\/\/www.laia.nl\/nl\/wp-json\/wp\/v2\/users\/1"}],"replies":[{"embeddable":true,"href":"https:\/\/www.laia.nl\/nl\/wp-json\/wp\/v2\/comments?post=46"}],"version-history":[{"count":36,"href":"https:\/\/www.laia.nl\/nl\/wp-json\/wp\/v2\/pages\/46\/revisions"}],"predecessor-version":[{"id":1206,"href":"https:\/\/www.laia.nl\/nl\/wp-json\/wp\/v2\/pages\/46\/revisions\/1206"}],"wp:attachment":[{"href":"https:\/\/www.laia.nl\/nl\/wp-json\/wp\/v2\/media?parent=46"}],"curies":[{"name":"wp","href":"https:\/\/api.w.org\/{rel}","templated":true}]}}