{"id":51,"date":"2023-12-01T10:23:39","date_gmt":"2023-12-01T09:23:39","guid":{"rendered":"https:\/\/www.laia.nl\/?page_id=51"},"modified":"2024-03-06T20:02:45","modified_gmt":"2024-03-06T19:02:45","slug":"cursos-descriptura","status":"publish","type":"page","link":"https:\/\/www.laia.nl\/nl\/cursussen-schrijven\/","title":{"rendered":"Cursos d&#8217;escriptura"},"content":{"rendered":"<section class=\"bde-section-51-100 bde-section\">\n  \n\t\n\n\n\n<div class=\"section-container\"><div class=\"bde-div-51-101 bde-div\">\n  \n\t\n\n\n\n<h1 class=\"bde-heading-51-102 bde-heading\">\ncursos d'escriptura\n<\/h1><div class=\"bde-text-51-103 bde-text\">\nFem cursos trimestrals d'escriptura, un d'anual (per si el que busques \u00e9s publicar un llibre) i el M\u00e0ster en Creaci\u00f3 Liter\u00e0ria (si vols endinsar-te en l'art i l'ofici d'escriure).<br><br>Comen\u00e7a el teu cam\u00ed literari\n<\/div>\n<\/div><div class=\"bde-grid-51-154 bde-grid\">\n  \n\t\n\n\n\n<div class=\"bde-image-box-51-157 bde-image-box\">\n<div class=\"ee-imagebox-image\">\n  <img decoding=\"async\" class=\"breakdance-image-object\" src=\"https:\/\/www.laia.nl\/wp-content\/uploads\/2023\/12\/image_2023-12-11_093540785-300x207.png\" width=\"300\" height=\"207\" srcset=\"https:\/\/www.laia.nl\/wp-content\/uploads\/2023\/12\/image_2023-12-11_093540785-300x207.png 300w, https:\/\/www.laia.nl\/wp-content\/uploads\/2023\/12\/image_2023-12-11_093540785.png 690w\" sizes=\"auto, (max-width: 300px) 100vw, 300px\" loading=\"lazy\">\n<\/div>\n<div class=\"ee-imagebox-content\">\n      <p class=\"ee-imagebox-title bde-h3\" >CURS D'ESCRIPTURA CREATIVA<\/p>\n    \n      <div class=\"ee-imagebox-text\" >Endinsa't en el m\u00f3n de l'escriptura i la creativitat des de totes les vessants.<\/div>\n    \n          \n                                    \n    \n    \n    \n    \n            \n                    \n            \n            \n\n    \n    \n    \n    \n    \n    <a class=\"breakdance-link button-atom button-atom--text ee-imagebox-button\" href=\"https:\/\/www.laboratoridelletres.com\/curs-d-escriptura-creativa\" target=\"_blank\" data-type=\"url\" rel=\"noopener\">\n\n    \n        <span class=\"button-atom__text\">M\u00c9S INFORMACI\u00d3 \u2192<\/span>\n\n        \n        \n                <\/a>\n\n    \n\n  <\/div>\n\n<\/div><div class=\"bde-image-box-51-165 bde-image-box\">\n<div class=\"ee-imagebox-image\">\n  <img decoding=\"async\" class=\"breakdance-image-object\" src=\"https:\/\/www.laia.nl\/wp-content\/uploads\/2023\/12\/image_2023-12-11_093633569-300x207.png\" width=\"300\" height=\"207\" srcset=\"https:\/\/www.laia.nl\/wp-content\/uploads\/2023\/12\/image_2023-12-11_093633569-300x207.png 300w, https:\/\/www.laia.nl\/wp-content\/uploads\/2023\/12\/image_2023-12-11_093633569.png 690w\" sizes=\"auto, (max-width: 300px) 100vw, 300px\" loading=\"lazy\">\n<\/div>\n<div class=\"ee-imagebox-content\">\n      <p class=\"ee-imagebox-title bde-h3\" >CURS IMAGINA I ESCRIU<\/p>\n    \n      <div class=\"ee-imagebox-text\" >Per a qui tot just comen\u00e7a i per a qui encara no sap per on comen\u00e7ar.<\/div>\n    \n          \n                                    \n    \n    \n    \n    \n            \n                    \n            \n            \n\n    \n    \n    \n    \n    \n    <a class=\"breakdance-link button-atom button-atom--text ee-imagebox-button\" href=\"https:\/\/www.laboratoridelletres.com\/curs-imagina-i-escriu\" target=\"_blank\" data-type=\"url\" rel=\"noopener\">\n\n    \n        <span class=\"button-atom__text\">M\u00c9S INFORMACI\u00d3 \u2192<\/span>\n\n        \n        \n                <\/a>\n\n    \n\n  <\/div>\n\n<\/div><div class=\"bde-image-box-51-164 bde-image-box\">\n<div class=\"ee-imagebox-image\">\n  <img decoding=\"async\" class=\"breakdance-image-object\" src=\"https:\/\/www.laia.nl\/wp-content\/uploads\/2023\/12\/image_2023-12-11_093659527-300x207.png\" width=\"300\" height=\"207\" srcset=\"https:\/\/www.laia.nl\/wp-content\/uploads\/2023\/12\/image_2023-12-11_093659527-300x207.png 300w, https:\/\/www.laia.nl\/wp-content\/uploads\/2023\/12\/image_2023-12-11_093659527.png 690w\" sizes=\"auto, (max-width: 300px) 100vw, 300px\" loading=\"lazy\">\n<\/div>\n<div class=\"ee-imagebox-content\">\n      <p class=\"ee-imagebox-title bde-h3\" >CURS DE NOVEL\u00b7LA<\/p>\n    \n      <div class=\"ee-imagebox-text\" >Per qui t\u00e9 un projecte clar o ganes terribles d'escriure una novel\u00b7la.<\/div>\n    \n          \n                                    \n    \n    \n    \n    \n            \n                    \n            \n            \n\n    \n    \n    \n    \n    \n    <a class=\"breakdance-link button-atom button-atom--text ee-imagebox-button\" href=\"https:\/\/www.laboratoridelletres.com\/curs-de-novella\" target=\"_blank\" data-type=\"url\" rel=\"noopener\">\n\n    \n        <span class=\"button-atom__text\">M\u00c9S INFORMACI\u00d3 \u2192<\/span>\n\n        \n        \n                <\/a>\n\n    \n\n  <\/div>\n\n<\/div><div class=\"bde-image-box-51-163 bde-image-box\">\n<div class=\"ee-imagebox-image\">\n  <img decoding=\"async\" class=\"breakdance-image-object\" src=\"https:\/\/www.laia.nl\/wp-content\/uploads\/2023\/12\/image_2023-12-11_093720883-300x207.png\" width=\"300\" height=\"207\" srcset=\"https:\/\/www.laia.nl\/wp-content\/uploads\/2023\/12\/image_2023-12-11_093720883-300x207.png 300w, https:\/\/www.laia.nl\/wp-content\/uploads\/2023\/12\/image_2023-12-11_093720883.png 324w\" sizes=\"auto, (max-width: 300px) 100vw, 300px\" loading=\"lazy\">\n<\/div>\n<div class=\"ee-imagebox-content\">\n      <p class=\"ee-imagebox-title bde-h3\" >CURS DE CONTE<\/p>\n    \n      <div class=\"ee-imagebox-text\" >Per a amants de la prosa curta, els reculls de relats o les petites hist\u00f2ries.<\/div>\n    \n          \n                                    \n    \n    \n    \n    \n            \n                    \n            \n            \n\n    \n    \n    \n    \n    \n    <a class=\"breakdance-link button-atom button-atom--text ee-imagebox-button\" href=\"https:\/\/www.laboratoridelletres.com\/curs-de-conte\" target=\"_blank\" data-type=\"url\" rel=\"noopener\">\n\n    \n        <span class=\"button-atom__text\">M\u00c9S INFORMACI\u00d3 \u2192<\/span>\n\n        \n        \n                <\/a>\n\n    \n\n  <\/div>\n\n<\/div><div class=\"bde-image-box-51-162 bde-image-box\">\n<div class=\"ee-imagebox-image\">\n  <img decoding=\"async\" class=\"breakdance-image-object\" src=\"https:\/\/www.laia.nl\/wp-content\/uploads\/2023\/12\/image_2023-12-11_093739133-300x208.png\" width=\"300\" height=\"208\" srcset=\"https:\/\/www.laia.nl\/wp-content\/uploads\/2023\/12\/image_2023-12-11_093739133-300x208.png 300w, https:\/\/www.laia.nl\/wp-content\/uploads\/2023\/12\/image_2023-12-11_093739133.png 325w\" sizes=\"auto, (max-width: 300px) 100vw, 300px\" loading=\"lazy\">\n<\/div>\n<div class=\"ee-imagebox-content\">\n      <p class=\"ee-imagebox-title bde-h3\" >CURS DE POESIA<\/p>\n    \n      <div class=\"ee-imagebox-text\" >Per a qui juga amb les paraules fins que arriba a trobar el vers perfecte.<\/div>\n    \n          \n                                    \n    \n    \n    \n    \n            \n                    \n            \n            \n\n    \n    \n    \n    \n    \n    <a class=\"breakdance-link button-atom button-atom--text ee-imagebox-button\" href=\"https:\/\/www.laboratoridelletres.com\/curs-de-poesia\" target=\"_blank\" data-type=\"url\" rel=\"noopener\">\n\n    \n        <span class=\"button-atom__text\">M\u00c9S INFORMACI\u00d3 \u2192<\/span>\n\n        \n        \n                <\/a>\n\n    \n\n  <\/div>\n\n<\/div><div class=\"bde-image-box-51-161 bde-image-box\">\n<div class=\"ee-imagebox-image\">\n  <img loading=\"lazy\" decoding=\"async\" class=\"breakdance-image-object\" src=\"https:\/\/www.laia.nl\/wp-content\/uploads\/2023\/12\/image_2023-12-11_093757156.png\" width=\"325\" height=\"225\" srcset=\"https:\/\/www.laia.nl\/wp-content\/uploads\/2023\/12\/image_2023-12-11_093757156.png 325w, https:\/\/www.laia.nl\/wp-content\/uploads\/2023\/12\/image_2023-12-11_093757156-300x208.png 300w\" sizes=\"auto, (max-width: 325px) 100vw, 325px\">\n<\/div>\n<div class=\"ee-imagebox-content\">\n      <p class=\"ee-imagebox-title bde-h3\" >CURS DE RECORDS I AUTOBIOGRAFIA<\/p>\n    \n      <div class=\"ee-imagebox-text\" >Per a qui vol rememorar i compartir amb el m\u00f3n tot all\u00f2 que ha viscut.<\/div>\n    \n          \n                                    \n    \n    \n    \n    \n            \n                    \n            \n            \n\n    \n    \n    \n    \n    \n    <a class=\"breakdance-link button-atom button-atom--text ee-imagebox-button\" href=\"https:\/\/www.laboratoridelletres.com\/curs-de-records-autobiografia\" target=\"_blank\" data-type=\"url\" rel=\"noopener\">\n\n    \n        <span class=\"button-atom__text\">M\u00c9S INFORMACI\u00d3 \u2192<\/span>\n\n        \n        \n                <\/a>\n\n    \n\n  <\/div>\n\n<\/div><div class=\"bde-image-box-51-167 bde-image-box\">\n<div class=\"ee-imagebox-image\">\n  <img decoding=\"async\" class=\"breakdance-image-object\" src=\"https:\/\/www.laia.nl\/wp-content\/uploads\/2023\/12\/image_2023-12-11_093810452-300x207.png\" width=\"300\" height=\"207\" srcset=\"https:\/\/www.laia.nl\/wp-content\/uploads\/2023\/12\/image_2023-12-11_093810452-300x207.png 300w, https:\/\/www.laia.nl\/wp-content\/uploads\/2023\/12\/image_2023-12-11_093810452.png 690w\" sizes=\"auto, (max-width: 300px) 100vw, 300px\" loading=\"lazy\">\n<\/div>\n<div class=\"ee-imagebox-content\">\n      <p class=\"ee-imagebox-title bde-h3\" >TALLER DE MICRORELAT<\/p>\n    \n      <div class=\"ee-imagebox-text\" >Explica hist\u00f2ries en poques paraules, juga amb les interpretacions i gaudeix.<\/div>\n    \n          \n                                    \n    \n    \n    \n    \n            \n                    \n            \n            \n\n    \n    \n    \n    \n    \n    <a class=\"breakdance-link button-atom button-atom--text ee-imagebox-button\" href=\"https:\/\/www.laboratoridelletres.com\/curs-de-records-autobiografia\" target=\"_blank\" data-type=\"url\" rel=\"noopener\">\n\n    \n        <span class=\"button-atom__text\">M\u00c9S INFORMACI\u00d3 \u2192<\/span>\n\n        \n        \n                <\/a>\n\n    \n\n  <\/div>\n\n<\/div><div class=\"bde-image-box-51-166 bde-image-box\">\n<div class=\"ee-imagebox-image\">\n  <img decoding=\"async\" class=\"breakdance-image-object\" src=\"https:\/\/www.laia.nl\/wp-content\/uploads\/2023\/12\/image_2023-12-11_093828930-300x207.png\" width=\"300\" height=\"207\" srcset=\"https:\/\/www.laia.nl\/wp-content\/uploads\/2023\/12\/image_2023-12-11_093828930-300x207.png 300w, https:\/\/www.laia.nl\/wp-content\/uploads\/2023\/12\/image_2023-12-11_093828930.png 690w\" sizes=\"auto, (max-width: 300px) 100vw, 300px\" loading=\"lazy\">\n<\/div>\n<div class=\"ee-imagebox-content\">\n      <p class=\"ee-imagebox-title bde-h3\" >CURS DE REDACCI\u00d3 I ESTIL<\/p>\n    \n      <div class=\"ee-imagebox-text\" >Millora l'escriptura dels textos, tant literaris com professionals.<\/div>\n    \n          \n                                    \n    \n    \n    \n    \n            \n                    \n            \n            \n\n    \n    \n    \n    \n    \n    <a class=\"breakdance-link button-atom button-atom--text ee-imagebox-button\" href=\"https:\/\/www.laboratoridelletres.com\/curs-de-records-autobiografia\" target=\"_blank\" data-type=\"url\" rel=\"noopener\">\n\n    \n        <span class=\"button-atom__text\">M\u00c9S INFORMACI\u00d3 \u2192<\/span>\n\n        \n        \n                <\/a>\n\n    \n\n  <\/div>\n\n<\/div><div class=\"bde-image-box-51-158 bde-image-box\">\n<div class=\"ee-imagebox-image\">\n  <img decoding=\"async\" class=\"breakdance-image-object\" src=\"https:\/\/www.laia.nl\/wp-content\/uploads\/2023\/12\/image_2023-12-11_093849359-300x207.png\" width=\"300\" height=\"207\" srcset=\"https:\/\/www.laia.nl\/wp-content\/uploads\/2023\/12\/image_2023-12-11_093849359-300x207.png 300w, https:\/\/www.laia.nl\/wp-content\/uploads\/2023\/12\/image_2023-12-11_093849359.png 690w\" sizes=\"auto, (max-width: 300px) 100vw, 300px\" loading=\"lazy\">\n<\/div>\n<div class=\"ee-imagebox-content\">\n      <p class=\"ee-imagebox-title bde-h3\" >CURS DE PROJECTE LITERARI<\/p>\n    \n      <div class=\"ee-imagebox-text\" >Tens un projecte molt clar que et ronda pel cap i ganes de veure'l publicat?<\/div>\n    \n          \n                                    \n    \n    \n    \n    \n            \n                    \n            \n            \n\n    \n    \n    \n    \n    \n    <a class=\"breakdance-link button-atom button-atom--text ee-imagebox-button\" href=\"https:\/\/www.laboratoridelletres.com\/curs-de-projecte-literari\" target=\"_blank\" data-type=\"url\" rel=\"noopener\">\n\n    \n        <span class=\"button-atom__text\">M\u00c9S INFORMACI\u00d3 \u2192<\/span>\n\n        \n        \n                <\/a>\n\n    \n\n  <\/div>\n\n<\/div><div class=\"bde-image-box-51-160 bde-image-box\">\n<div class=\"ee-imagebox-image\">\n  <img decoding=\"async\" class=\"breakdance-image-object\" src=\"https:\/\/www.laia.nl\/wp-content\/uploads\/2023\/12\/image_2023-12-11_093914119-300x207.png\" width=\"300\" height=\"207\" srcset=\"https:\/\/www.laia.nl\/wp-content\/uploads\/2023\/12\/image_2023-12-11_093914119-300x207.png 300w, https:\/\/www.laia.nl\/wp-content\/uploads\/2023\/12\/image_2023-12-11_093914119.png 690w\" sizes=\"auto, (max-width: 300px) 100vw, 300px\" loading=\"lazy\">\n<\/div>\n<div class=\"ee-imagebox-content\">\n      <p class=\"ee-imagebox-title bde-h3\" >M\u00c0STER EN CREACI\u00d3 LITER\u00c0RIA<\/p>\n    \n      <div class=\"ee-imagebox-text\" >T'agradaria aprendre l'art i l'ofici d'escriure? Dedica-t'hi en cos i \u00e0nima.<\/div>\n    \n          \n                                    \n    \n    \n    \n    \n            \n                    \n            \n            \n\n    \n    \n    \n    \n    \n    <a class=\"breakdance-link button-atom button-atom--text ee-imagebox-button\" href=\"https:\/\/www.laboratoridelletres.com\/master-en-creacio-literaria\" target=\"_blank\" data-type=\"url\" rel=\"noopener\">\n\n    \n        <span class=\"button-atom__text\">M\u00c9S INFORMACI\u00d3 \u2192<\/span>\n\n        \n        \n                <\/a>\n\n    \n\n  <\/div>\n\n<\/div><div class=\"bde-image-box-51-159 bde-image-box\">\n<div class=\"ee-imagebox-image\">\n  <img decoding=\"async\" class=\"breakdance-image-object\" src=\"https:\/\/www.laia.nl\/wp-content\/uploads\/2023\/12\/image_2023-12-11_093929856-300x208.png\" width=\"300\" height=\"208\" srcset=\"https:\/\/www.laia.nl\/wp-content\/uploads\/2023\/12\/image_2023-12-11_093929856-300x208.png 300w, https:\/\/www.laia.nl\/wp-content\/uploads\/2023\/12\/image_2023-12-11_093929856.png 690w\" sizes=\"auto, (max-width: 300px) 100vw, 300px\" loading=\"lazy\">\n<\/div>\n<div class=\"ee-imagebox-content\">\n      <p class=\"ee-imagebox-title bde-h3\" >CURS DE LITERATURA UNIVERSAL<\/p>\n    \n      <div class=\"ee-imagebox-text\" >Per a qui vol tenir una base liter\u00e0ria s\u00f2lida mirant m\u00e9s enll\u00e0 dels c\u00e0nons tradicionals.<\/div>\n    \n          \n                                    \n    \n    \n    \n    \n            \n                    \n            \n            \n\n    \n    \n    \n    \n    \n    <a class=\"breakdance-link button-atom button-atom--text ee-imagebox-button\" href=\"https:\/\/www.laboratoridelletres.com\/curs-de-literatura-universal\" target=\"_blank\" data-type=\"url\" rel=\"noopener\">\n\n    \n        <span class=\"button-atom__text\">M\u00c9S INFORMACI\u00d3 \u2192<\/span>\n\n        \n        \n                <\/a>\n\n    \n\n  <\/div>\n\n<\/div>\n<\/div><\/div>\n<\/section><div class=\"bde-globalblock-51-220 bde-globalblock\">\n<section class=\"bde-section-1061-100-1061-1 bde-section bde-section-1061-100\">\n  \n\t\n\n\n\n<div class=\"section-container\"><div class=\"bde-columns-1061-101-1061-1 bde-columns bde-columns-1061-101\"><div class=\"bde-column-1061-102-1061-1 bde-column bde-column-1061-102\">\n  \n\t\n\n\n\n<div class=\"bde-image-1061-103-1061-1 bde-image bde-image-1061-103\">\n<figure class=\"breakdance-image breakdance-image--1136\">\n\t<div class=\"breakdance-image-container\">\n\t\t<div class=\"breakdance-image-clip\"><a class=\"breakdance-image-link breakdance-image-link--url\" href=\"https:\/\/www.laboratoridelletres.com\" target=\"_blank\" rel=\"noopener\" data-sub-html=\"\" data-lg-size=\"-\"><img decoding=\"async\" class=\"breakdance-image-object\" src=\"https:\/\/www.laia.nl\/wp-content\/uploads\/2023\/12\/Laboratori-de-Lletres.png\" width=\"907\" height=\"135\" srcset=\"https:\/\/www.laia.nl\/wp-content\/uploads\/2023\/12\/Laboratori-de-Lletres.png 907w, https:\/\/www.laia.nl\/wp-content\/uploads\/2023\/12\/Laboratori-de-Lletres-300x45.png 300w, https:\/\/www.laia.nl\/wp-content\/uploads\/2023\/12\/Laboratori-de-Lletres-768x114.png 768w, https:\/\/www.laia.nl\/wp-content\/uploads\/2023\/12\/Laboratori-de-Lletres-18x3.png 18w\" sizes=\"auto, (max-width: 907px) 100vw, 907px\" loading=\"lazy\"><\/a><\/div>\n\t<\/div><\/figure>\n\n<\/div>\n<\/div><div class=\"bde-column-1061-104-1061-1 bde-column bde-column-1061-104\">\n  \n\t\n\n\n\n<div class=\"bde-text-1061-105-1061-1 bde-text bde-text-1061-105\">\nSCHRIJF!\n<\/div><div class=\"bde-text-1061-106-1061-1 bde-text bde-text-1061-106\">\nSchrijfcursussen in het Catalaans\n<\/div><div class=\"bde-text-1061-107-1061-1 bde-text bde-text-1061-107\">\n.\n<\/div><div class=\"bde-button-1061-108-1061-1 bde-button bde-button-1061-108\">\n    \n                                    \n    \n    \n    \n    \n            \n                    \n            \n            \n\n    \n    \n    \n    \n    \n    <a class=\"breakdance-link button-atom button-atom--secondary bde-button__button\" href=\"https:\/\/www.laboratoridelletres.com\/cursos-escriptura\" target=\"_blank\" data-type=\"url\" rel=\"noopener\">\n\n    \n        <span class=\"button-atom__text\">Inscripcions<\/span>\n\n        \n        \n                <\/a>\n\n    \n\n\n<\/div>\n<\/div><\/div><div class=\"bde-image-1061-109-1061-1 bde-image bde-image-1061-109\">\n<figure class=\"breakdance-image breakdance-image--980\">\n\t<div class=\"breakdance-image-container\">\n\t\t<div class=\"breakdance-image-clip\"><img decoding=\"async\" class=\"breakdance-image-object\" src=\"https:\/\/www.laia.nl\/wp-content\/uploads\/2023\/12\/mano.png\" width=\"353\" height=\"385\" srcset=\"https:\/\/www.laia.nl\/wp-content\/uploads\/2023\/12\/mano.png 353w, https:\/\/www.laia.nl\/wp-content\/uploads\/2023\/12\/mano-275x300.png 275w\" sizes=\"auto, (max-width: 353px) 100vw, 353px\" loading=\"lazy\"><\/div>\n\t<\/div><\/figure>\n\n<\/div><\/div>\n<\/section>\n<\/div>","protected":false},"excerpt":{"rendered":"<p>cursos d&#8217;escriptura Fem cursos trimestrals d&#8217;escriptura, un d&#8217;anual (per si el que busques \u00e9s publicar un llibre) i el M\u00e0ster en Creaci\u00f3 Liter\u00e0ria (si vols endinsar-te en l&#8217;art i l&#8217;ofici d&#8217;escriure).Comen\u00e7a el teu cam\u00ed literari CURS D&#8217;ESCRIPTURA CREATIVA Endinsa&#8217;t en el m\u00f3n de l&#8217;escriptura i la creativitat des de totes les vessants. M\u00c9S INFORMACI\u00d3 \u2192 [&hellip;]<\/p>","protected":false},"author":1,"featured_media":0,"parent":0,"menu_order":0,"comment_status":"closed","ping_status":"closed","template":"","meta":{"_acf_changed":false,"rank_math_lock_modified_date":false,"_breakdance_hide_in_design_set":false,"_breakdance_tags":"","footnotes":""},"class_list":["post-51","page","type-page","status-publish","hentry"],"acf":[],"_links":{"self":[{"href":"https:\/\/www.laia.nl\/nl\/wp-json\/wp\/v2\/pages\/51","targetHints":{"allow":["GET"]}}],"collection":[{"href":"https:\/\/www.laia.nl\/nl\/wp-json\/wp\/v2\/pages"}],"about":[{"href":"https:\/\/www.laia.nl\/nl\/wp-json\/wp\/v2\/types\/page"}],"author":[{"embeddable":true,"href":"https:\/\/www.laia.nl\/nl\/wp-json\/wp\/v2\/users\/1"}],"replies":[{"embeddable":true,"href":"https:\/\/www.laia.nl\/nl\/wp-json\/wp\/v2\/comments?post=51"}],"version-history":[{"count":32,"href":"https:\/\/www.laia.nl\/nl\/wp-json\/wp\/v2\/pages\/51\/revisions"}],"predecessor-version":[{"id":1205,"href":"https:\/\/www.laia.nl\/nl\/wp-json\/wp\/v2\/pages\/51\/revisions\/1205"}],"wp:attachment":[{"href":"https:\/\/www.laia.nl\/nl\/wp-json\/wp\/v2\/media?parent=51"}],"curies":[{"name":"wp","href":"https:\/\/api.w.org\/{rel}","templated":true}]}}